{"id":27,"date":"2021-04-18T12:12:43","date_gmt":"2021-04-18T12:12:43","guid":{"rendered":"https:\/\/ifn.maynoothuniversity.ie\/?page_id=27"},"modified":"2021-06-17T10:11:41","modified_gmt":"2021-06-17T10:11:41","slug":"aims","status":"publish","type":"page","link":"https:\/\/www.irishfroebelnetwork.ie\/index.php\/aims\/","title":{"rendered":"Aims"},"content":{"rendered":"\n<p><strong><em>To promote and nurture Froebelian principles and progressive pedagogical practice in primary and early childhood education&nbsp;<\/em><\/strong><\/p>\n\n\n\n<p><strong><em>To foster teacher and learner agency in educational settings&nbsp;&nbsp;<\/em><\/strong><\/p>\n\n\n\n<p><strong><em>To share research, practice and critical reflection in a community of learners&nbsp;&nbsp;&nbsp;<\/em><\/strong><\/p>\n\n\n\n<p><strong><em>To maintain an archive of Froebel literature\u00a0<\/em><\/strong><\/p>\n\n\n\n<p><\/p>\n\n\n\n<p><strong>Aidhmeanna:<\/strong><\/p>\n\n\n\n<p><strong><em>Prionsabail Froebel agus cleachtas teagaisc for\u00e1sach a chur chun cinn agus a choth\u00fa san oideachas bunscoile agus luath-\u00f3ige<\/em><\/strong><strong><em><\/em><\/strong><\/p>\n\n\n\n<p><strong><em>M\u00fainteoir\u00ed agus foghlaimeoir\u00ed a chumas\u00fa i su\u00edmh oideachais&nbsp;<\/em><\/strong><strong><em><\/em><\/strong><\/p>\n\n\n\n<p><strong><em>Taighde, cleachtas agus machnamh critici\u00fail a chomhroinnt i measc pobal foghlaimeoir\u00ed&nbsp;&nbsp;<\/em><\/strong><strong><em><\/em><\/strong><\/p>\n\n\n\n<p><strong><em>Cartlann foilseach\u00e1n i leith chur chuige Froebel a choinne\u00e1il ar bun<\/em><\/strong><strong><em><\/em><\/strong><\/p>\n","protected":false},"excerpt":{"rendered":"<p>To promote and nurture Froebelian principles and progressive pedagogical practice in primary and early childhood education&nbsp; To foster teacher and learner agency [&hellip;]<\/p>\n","protected":false},"author":1,"featured_media":0,"parent":0,"menu_order":0,"comment_status":"closed","ping_status":"closed","template":"","meta":{"footnotes":""},"class_list":["post-27","page","type-page","status-publish","hentry"],"yoast_head":"<!-- This site is optimized with the Yoast SEO plugin v27.4 - https:\/\/yoast.com\/product\/yoast-seo-wordpress\/ -->\n<title>Aims - Irish Froebel Network<\/title>\n<meta name=\"robots\" content=\"index, follow, max-snippet:-1, max-image-preview:large, max-video-preview:-1\" \/>\n<link rel=\"canonical\" href=\"https:\/\/www.irishfroebelnetwork.ie\/index.php\/aims\/\" \/>\n<meta property=\"og:locale\" content=\"en_GB\" \/>\n<meta property=\"og:type\" content=\"article\" \/>\n<meta property=\"og:title\" content=\"Aims - Irish Froebel Network\" \/>\n<meta property=\"og:description\" content=\"To promote and nurture Froebelian principles and progressive pedagogical practice in primary and early childhood education&nbsp; To foster teacher and learner agency [&hellip;]\" \/>\n<meta property=\"og:url\" content=\"https:\/\/www.irishfroebelnetwork.ie\/index.php\/aims\/\" \/>\n<meta property=\"og:site_name\" content=\"Irish Froebel Network\" \/>\n<meta property=\"article:modified_time\" content=\"2021-06-17T10:11:41+00:00\" \/>\n<meta name=\"twitter:card\" content=\"summary_large_image\" \/>\n<meta name=\"twitter:label1\" content=\"Estimated reading time\" \/>\n\t<meta name=\"twitter:data1\" content=\"1 minute\" \/>\n<script type=\"application\/ld+json\" class=\"yoast-schema-graph\">{\"@context\":\"https:\\\/\\\/schema.org\",\"@graph\":[{\"@type\":\"WebPage\",\"@id\":\"https:\\\/\\\/www.irishfroebelnetwork.ie\\\/index.php\\\/aims\\\/\",\"url\":\"https:\\\/\\\/www.irishfroebelnetwork.ie\\\/index.php\\\/aims\\\/\",\"name\":\"Aims - Irish Froebel Network\",\"isPartOf\":{\"@id\":\"https:\\\/\\\/www.irishfroebelnetwork.ie\\\/#website\"},\"datePublished\":\"2021-04-18T12:12:43+00:00\",\"dateModified\":\"2021-06-17T10:11:41+00:00\",\"breadcrumb\":{\"@id\":\"https:\\\/\\\/www.irishfroebelnetwork.ie\\\/index.php\\\/aims\\\/#breadcrumb\"},\"inLanguage\":\"en-GB\",\"potentialAction\":[{\"@type\":\"ReadAction\",\"target\":[\"https:\\\/\\\/www.irishfroebelnetwork.ie\\\/index.php\\\/aims\\\/\"]}]},{\"@type\":\"BreadcrumbList\",\"@id\":\"https:\\\/\\\/www.irishfroebelnetwork.ie\\\/index.php\\\/aims\\\/#breadcrumb\",\"itemListElement\":[{\"@type\":\"ListItem\",\"position\":1,\"name\":\"Home\",\"item\":\"https:\\\/\\\/www.irishfroebelnetwork.ie\\\/\"},{\"@type\":\"ListItem\",\"position\":2,\"name\":\"Aims\"}]},{\"@type\":\"WebSite\",\"@id\":\"https:\\\/\\\/www.irishfroebelnetwork.ie\\\/#website\",\"url\":\"https:\\\/\\\/www.irishfroebelnetwork.ie\\\/\",\"name\":\"Irish Froebel Network\",\"description\":\"\",\"potentialAction\":[{\"@type\":\"SearchAction\",\"target\":{\"@type\":\"EntryPoint\",\"urlTemplate\":\"https:\\\/\\\/www.irishfroebelnetwork.ie\\\/?s={search_term_string}\"},\"query-input\":{\"@type\":\"PropertyValueSpecification\",\"valueRequired\":true,\"valueName\":\"search_term_string\"}}],\"inLanguage\":\"en-GB\"}]}<\/script>\n<!-- \/ Yoast SEO plugin. -->","yoast_head_json":{"title":"Aims - Irish Froebel Network","robots":{"index":"index","follow":"follow","max-snippet":"max-snippet:-1","max-image-preview":"max-image-preview:large","max-video-preview":"max-video-preview:-1"},"canonical":"https:\/\/www.irishfroebelnetwork.ie\/index.php\/aims\/","og_locale":"en_GB","og_type":"article","og_title":"Aims - Irish Froebel Network","og_description":"To promote and nurture Froebelian principles and progressive pedagogical practice in primary and early childhood education&nbsp; To foster teacher and learner agency [&hellip;]","og_url":"https:\/\/www.irishfroebelnetwork.ie\/index.php\/aims\/","og_site_name":"Irish Froebel Network","article_modified_time":"2021-06-17T10:11:41+00:00","twitter_card":"summary_large_image","twitter_misc":{"Estimated reading time":"1 minute"},"schema":{"@context":"https:\/\/schema.org","@graph":[{"@type":"WebPage","@id":"https:\/\/www.irishfroebelnetwork.ie\/index.php\/aims\/","url":"https:\/\/www.irishfroebelnetwork.ie\/index.php\/aims\/","name":"Aims - Irish Froebel Network","isPartOf":{"@id":"https:\/\/www.irishfroebelnetwork.ie\/#website"},"datePublished":"2021-04-18T12:12:43+00:00","dateModified":"2021-06-17T10:11:41+00:00","breadcrumb":{"@id":"https:\/\/www.irishfroebelnetwork.ie\/index.php\/aims\/#breadcrumb"},"inLanguage":"en-GB","potentialAction":[{"@type":"ReadAction","target":["https:\/\/www.irishfroebelnetwork.ie\/index.php\/aims\/"]}]},{"@type":"BreadcrumbList","@id":"https:\/\/www.irishfroebelnetwork.ie\/index.php\/aims\/#breadcrumb","itemListElement":[{"@type":"ListItem","position":1,"name":"Home","item":"https:\/\/www.irishfroebelnetwork.ie\/"},{"@type":"ListItem","position":2,"name":"Aims"}]},{"@type":"WebSite","@id":"https:\/\/www.irishfroebelnetwork.ie\/#website","url":"https:\/\/www.irishfroebelnetwork.ie\/","name":"Irish Froebel Network","description":"","potentialAction":[{"@type":"SearchAction","target":{"@type":"EntryPoint","urlTemplate":"https:\/\/www.irishfroebelnetwork.ie\/?s={search_term_string}"},"query-input":{"@type":"PropertyValueSpecification","valueRequired":true,"valueName":"search_term_string"}}],"inLanguage":"en-GB"}]}},"_links":{"self":[{"href":"https:\/\/www.irishfroebelnetwork.ie\/index.php\/wp-json\/wp\/v2\/pages\/27","targetHints":{"allow":["GET"]}}],"collection":[{"href":"https:\/\/www.irishfroebelnetwork.ie\/index.php\/wp-json\/wp\/v2\/pages"}],"about":[{"href":"https:\/\/www.irishfroebelnetwork.ie\/index.php\/wp-json\/wp\/v2\/types\/page"}],"author":[{"embeddable":true,"href":"https:\/\/www.irishfroebelnetwork.ie\/index.php\/wp-json\/wp\/v2\/users\/1"}],"replies":[{"embeddable":true,"href":"https:\/\/www.irishfroebelnetwork.ie\/index.php\/wp-json\/wp\/v2\/comments?post=27"}],"version-history":[{"count":6,"href":"https:\/\/www.irishfroebelnetwork.ie\/index.php\/wp-json\/wp\/v2\/pages\/27\/revisions"}],"predecessor-version":[{"id":108,"href":"https:\/\/www.irishfroebelnetwork.ie\/index.php\/wp-json\/wp\/v2\/pages\/27\/revisions\/108"}],"wp:attachment":[{"href":"https:\/\/www.irishfroebelnetwork.ie\/index.php\/wp-json\/wp\/v2\/media?parent=27"}],"curies":[{"name":"wp","href":"https:\/\/api.w.org\/{rel}","templated":true}]}}