{"id":25,"date":"2021-04-18T12:12:35","date_gmt":"2021-04-18T12:12:35","guid":{"rendered":"https:\/\/ifn.maynoothuniversity.ie\/?page_id=25"},"modified":"2021-06-17T10:11:17","modified_gmt":"2021-06-17T10:11:17","slug":"mission-statement","status":"publish","type":"page","link":"https:\/\/www.irishfroebelnetwork.ie\/index.php\/mission-statement\/","title":{"rendered":"Mission Statement"},"content":{"rendered":"\n<p><strong><em>Guided by the philosophy of Friedrich Froebel, our mission is to create an Irish-based community of Froebelian educators. The network will provide a supportive and collegial space to develop and share child-centred and play-based educational theories and practices.\u00a0Our core values include care, collaboration, creativity, inclusion, love, pursuit of excellence, reflection and social justice.<\/em><\/strong><\/p>\n\n\n\n<p><\/p>\n\n\n\n<p><strong><u>R\u00e1iteas Misin L\u00edonra Froebel na h\u00c9ireann\u00a0<\/u><\/strong>\u00a0<\/p>\n\n\n\n<p><strong><em>T\u00e1imid faoi threoir ag feals\u00fanacht Friedrich Froebel agus is \u00e9 an misean at\u00e1 againn pobal oideachas\u00f3ir\u00ed a chleachtann cur chuige Froebel a bhun\u00fa in \u00c9irinn. Beidh an l\u00edonra sin ina sp\u00e1s tac\u00fail, comhghleac\u00fail chun teoiric\u00ed agus cleachtais oideachais a fhorbairt agus a chomhroinnt, ar cinn iad at\u00e1 d\u00edrithe ar leana\u00ed agus bunaithe ar an spraoi. I measc \u00e1r mbunluachanna t\u00e1 c\u00faram, comhoibri\u00fa, cruthaitheacht, cuimsi\u00fa, gr\u00e1, barr feabhais, machnamh agus ceartas s\u00f3isialta.<\/em><\/strong><\/p>\n\n\n\n<p><\/p>\n","protected":false},"excerpt":{"rendered":"<p>Guided by the philosophy of Friedrich Froebel, our mission is to create an Irish-based community of Froebelian educators. The network will provide [&hellip;]<\/p>\n","protected":false},"author":1,"featured_media":0,"parent":0,"menu_order":0,"comment_status":"closed","ping_status":"closed","template":"","meta":{"footnotes":""},"class_list":["post-25","page","type-page","status-publish","hentry"],"yoast_head":"<!-- This site is optimized with the Yoast SEO plugin v27.4 - https:\/\/yoast.com\/product\/yoast-seo-wordpress\/ -->\n<title>Mission Statement - Irish Froebel Network<\/title>\n<meta name=\"robots\" content=\"index, follow, max-snippet:-1, max-image-preview:large, max-video-preview:-1\" \/>\n<link rel=\"canonical\" href=\"https:\/\/www.irishfroebelnetwork.ie\/index.php\/mission-statement\/\" \/>\n<meta property=\"og:locale\" content=\"en_GB\" \/>\n<meta property=\"og:type\" content=\"article\" \/>\n<meta property=\"og:title\" content=\"Mission Statement - Irish Froebel Network\" \/>\n<meta property=\"og:description\" content=\"Guided by the philosophy of Friedrich Froebel, our mission is to create an Irish-based community of Froebelian educators. The network will provide [&hellip;]\" \/>\n<meta property=\"og:url\" content=\"https:\/\/www.irishfroebelnetwork.ie\/index.php\/mission-statement\/\" \/>\n<meta property=\"og:site_name\" content=\"Irish Froebel Network\" \/>\n<meta property=\"article:modified_time\" content=\"2021-06-17T10:11:17+00:00\" \/>\n<meta name=\"twitter:card\" content=\"summary_large_image\" \/>\n<meta name=\"twitter:label1\" content=\"Estimated reading time\" \/>\n\t<meta name=\"twitter:data1\" content=\"1 minute\" \/>\n<script type=\"application\/ld+json\" class=\"yoast-schema-graph\">{\"@context\":\"https:\\\/\\\/schema.org\",\"@graph\":[{\"@type\":\"WebPage\",\"@id\":\"https:\\\/\\\/www.irishfroebelnetwork.ie\\\/index.php\\\/mission-statement\\\/\",\"url\":\"https:\\\/\\\/www.irishfroebelnetwork.ie\\\/index.php\\\/mission-statement\\\/\",\"name\":\"Mission Statement - Irish Froebel Network\",\"isPartOf\":{\"@id\":\"https:\\\/\\\/www.irishfroebelnetwork.ie\\\/#website\"},\"datePublished\":\"2021-04-18T12:12:35+00:00\",\"dateModified\":\"2021-06-17T10:11:17+00:00\",\"breadcrumb\":{\"@id\":\"https:\\\/\\\/www.irishfroebelnetwork.ie\\\/index.php\\\/mission-statement\\\/#breadcrumb\"},\"inLanguage\":\"en-GB\",\"potentialAction\":[{\"@type\":\"ReadAction\",\"target\":[\"https:\\\/\\\/www.irishfroebelnetwork.ie\\\/index.php\\\/mission-statement\\\/\"]}]},{\"@type\":\"BreadcrumbList\",\"@id\":\"https:\\\/\\\/www.irishfroebelnetwork.ie\\\/index.php\\\/mission-statement\\\/#breadcrumb\",\"itemListElement\":[{\"@type\":\"ListItem\",\"position\":1,\"name\":\"Home\",\"item\":\"https:\\\/\\\/www.irishfroebelnetwork.ie\\\/\"},{\"@type\":\"ListItem\",\"position\":2,\"name\":\"Mission Statement\"}]},{\"@type\":\"WebSite\",\"@id\":\"https:\\\/\\\/www.irishfroebelnetwork.ie\\\/#website\",\"url\":\"https:\\\/\\\/www.irishfroebelnetwork.ie\\\/\",\"name\":\"Irish Froebel Network\",\"description\":\"\",\"potentialAction\":[{\"@type\":\"SearchAction\",\"target\":{\"@type\":\"EntryPoint\",\"urlTemplate\":\"https:\\\/\\\/www.irishfroebelnetwork.ie\\\/?s={search_term_string}\"},\"query-input\":{\"@type\":\"PropertyValueSpecification\",\"valueRequired\":true,\"valueName\":\"search_term_string\"}}],\"inLanguage\":\"en-GB\"}]}<\/script>\n<!-- \/ Yoast SEO plugin. -->","yoast_head_json":{"title":"Mission Statement - Irish Froebel Network","robots":{"index":"index","follow":"follow","max-snippet":"max-snippet:-1","max-image-preview":"max-image-preview:large","max-video-preview":"max-video-preview:-1"},"canonical":"https:\/\/www.irishfroebelnetwork.ie\/index.php\/mission-statement\/","og_locale":"en_GB","og_type":"article","og_title":"Mission Statement - Irish Froebel Network","og_description":"Guided by the philosophy of Friedrich Froebel, our mission is to create an Irish-based community of Froebelian educators. The network will provide [&hellip;]","og_url":"https:\/\/www.irishfroebelnetwork.ie\/index.php\/mission-statement\/","og_site_name":"Irish Froebel Network","article_modified_time":"2021-06-17T10:11:17+00:00","twitter_card":"summary_large_image","twitter_misc":{"Estimated reading time":"1 minute"},"schema":{"@context":"https:\/\/schema.org","@graph":[{"@type":"WebPage","@id":"https:\/\/www.irishfroebelnetwork.ie\/index.php\/mission-statement\/","url":"https:\/\/www.irishfroebelnetwork.ie\/index.php\/mission-statement\/","name":"Mission Statement - Irish Froebel Network","isPartOf":{"@id":"https:\/\/www.irishfroebelnetwork.ie\/#website"},"datePublished":"2021-04-18T12:12:35+00:00","dateModified":"2021-06-17T10:11:17+00:00","breadcrumb":{"@id":"https:\/\/www.irishfroebelnetwork.ie\/index.php\/mission-statement\/#breadcrumb"},"inLanguage":"en-GB","potentialAction":[{"@type":"ReadAction","target":["https:\/\/www.irishfroebelnetwork.ie\/index.php\/mission-statement\/"]}]},{"@type":"BreadcrumbList","@id":"https:\/\/www.irishfroebelnetwork.ie\/index.php\/mission-statement\/#breadcrumb","itemListElement":[{"@type":"ListItem","position":1,"name":"Home","item":"https:\/\/www.irishfroebelnetwork.ie\/"},{"@type":"ListItem","position":2,"name":"Mission Statement"}]},{"@type":"WebSite","@id":"https:\/\/www.irishfroebelnetwork.ie\/#website","url":"https:\/\/www.irishfroebelnetwork.ie\/","name":"Irish Froebel Network","description":"","potentialAction":[{"@type":"SearchAction","target":{"@type":"EntryPoint","urlTemplate":"https:\/\/www.irishfroebelnetwork.ie\/?s={search_term_string}"},"query-input":{"@type":"PropertyValueSpecification","valueRequired":true,"valueName":"search_term_string"}}],"inLanguage":"en-GB"}]}},"_links":{"self":[{"href":"https:\/\/www.irishfroebelnetwork.ie\/index.php\/wp-json\/wp\/v2\/pages\/25","targetHints":{"allow":["GET"]}}],"collection":[{"href":"https:\/\/www.irishfroebelnetwork.ie\/index.php\/wp-json\/wp\/v2\/pages"}],"about":[{"href":"https:\/\/www.irishfroebelnetwork.ie\/index.php\/wp-json\/wp\/v2\/types\/page"}],"author":[{"embeddable":true,"href":"https:\/\/www.irishfroebelnetwork.ie\/index.php\/wp-json\/wp\/v2\/users\/1"}],"replies":[{"embeddable":true,"href":"https:\/\/www.irishfroebelnetwork.ie\/index.php\/wp-json\/wp\/v2\/comments?post=25"}],"version-history":[{"count":5,"href":"https:\/\/www.irishfroebelnetwork.ie\/index.php\/wp-json\/wp\/v2\/pages\/25\/revisions"}],"predecessor-version":[{"id":107,"href":"https:\/\/www.irishfroebelnetwork.ie\/index.php\/wp-json\/wp\/v2\/pages\/25\/revisions\/107"}],"wp:attachment":[{"href":"https:\/\/www.irishfroebelnetwork.ie\/index.php\/wp-json\/wp\/v2\/media?parent=25"}],"curies":[{"name":"wp","href":"https:\/\/api.w.org\/{rel}","templated":true}]}}