{"id":23,"date":"2021-04-18T12:12:05","date_gmt":"2021-04-18T12:12:05","guid":{"rendered":"https:\/\/ifn.maynoothuniversity.ie\/?page_id=23"},"modified":"2021-08-20T09:51:04","modified_gmt":"2021-08-20T09:51:04","slug":"taisce","status":"publish","type":"page","link":"https:\/\/www.irishfroebelnetwork.ie\/index.php\/taisce\/","title":{"rendered":"Taisce Froebel"},"content":{"rendered":"\n<p>C\u00e9ad m\u00edle f\u00e1ilte chuig&nbsp;<em>Taisce Froebel.<\/em><\/p>\n\n\n\n<p>Based in Maynooth University, the Froebel Department of Primary and Early Childhood Education has compiled an archive of resources based on the work of the 19th Century German educator and founder of the Kindergarten, Friedrich Froebel (1782-1852) after whom the Department is named. As a result of his pioneering work surrounding educational ideas and theories, Froebelian principles underpin much of the excellent provision and practice that is to be seen globally in education today.&nbsp;<\/p>\n\n\n\n<p>The word&nbsp;<em>\u2018taisce\u2019<\/em>&nbsp;is an Irish word, meaning treasury.&nbsp;<em>Taisce Froebel<\/em>&nbsp;is an archive of resources where literature and resources linked to Froebel are collated into an online catalogue.&nbsp;<em>Taisce Froebel<\/em>&nbsp;is an innovative source of literature, which will promote better practice, policy and theoretical approaches in modern education. As a result of&nbsp;<em>Taisce Froebel<\/em>, resources, including primary and secondary sources, relating to Friedrich Froebel and his legacy are readily available to students, staff and the wider research community. This online collection will grow and expand as more Froebelian related resources are published and uncovered.<\/p>\n\n\n\n<p>\u2018It is all a unity; everything is based on unity, strives towards and comes back to unity\u2019 (Froebel in Lilley 1967:45). The&nbsp;<em>Taisce Froebel<\/em>&nbsp;reflects the Froebelian principle of unity, in that it encourages a sense of community and interconnectedness amongst the international Froebelian community by providing a safe, user friendly space to share and access Froebelian literature.<\/p>\n\n\n\n<div data-wp-interactive=\"core\/file\" class=\"wp-block-file\"><object data-wp-bind--hidden=\"!state.hasPdfPreview\" hidden class=\"wp-block-file__embed\" data=\"https:\/\/www.irishfroebelnetwork.ie\/wp-content\/uploads\/2021\/08\/Taisce-Froebel.pdf\" type=\"application\/pdf\" style=\"width:100%;height:600px\" aria-label=\"Embed of Embed of Taisce-Froebel..\"><\/object><a href=\"https:\/\/www.irishfroebelnetwork.ie\/wp-content\/uploads\/2021\/08\/Taisce-Froebel.pdf\">Taisce-Froebel<\/a><a href=\"https:\/\/www.irishfroebelnetwork.ie\/wp-content\/uploads\/2021\/08\/Taisce-Froebel.pdf\" class=\"wp-block-file__button\" download>Download<\/a><\/div>\n\n\n\n<p>To view or download a copy of the Taisce Froebel document, please click the above link.<\/p>\n","protected":false},"excerpt":{"rendered":"<p>C\u00e9ad m\u00edle f\u00e1ilte chuig&nbsp;Taisce Froebel. Based in Maynooth University, the Froebel Department of Primary and Early Childhood Education has compiled an archive [&hellip;]<\/p>\n","protected":false},"author":1,"featured_media":0,"parent":0,"menu_order":0,"comment_status":"closed","ping_status":"closed","template":"","meta":{"footnotes":""},"class_list":["post-23","page","type-page","status-publish","hentry"],"yoast_head":"<!-- This site is optimized with the Yoast SEO plugin v27.3 - https:\/\/yoast.com\/product\/yoast-seo-wordpress\/ -->\n<title>Taisce Froebel - Irish Froebel Network<\/title>\n<meta name=\"robots\" content=\"index, follow, max-snippet:-1, max-image-preview:large, max-video-preview:-1\" \/>\n<link rel=\"canonical\" href=\"https:\/\/www.irishfroebelnetwork.ie\/index.php\/taisce\/\" \/>\n<meta property=\"og:locale\" content=\"en_GB\" \/>\n<meta property=\"og:type\" content=\"article\" \/>\n<meta property=\"og:title\" content=\"Taisce Froebel - Irish Froebel Network\" \/>\n<meta property=\"og:description\" content=\"C\u00e9ad m\u00edle f\u00e1ilte chuig&nbsp;Taisce Froebel. Based in Maynooth University, the Froebel Department of Primary and Early Childhood Education has compiled an archive [&hellip;]\" \/>\n<meta property=\"og:url\" content=\"https:\/\/www.irishfroebelnetwork.ie\/index.php\/taisce\/\" \/>\n<meta property=\"og:site_name\" content=\"Irish Froebel Network\" \/>\n<meta property=\"article:modified_time\" content=\"2021-08-20T09:51:04+00:00\" \/>\n<meta name=\"twitter:card\" content=\"summary_large_image\" \/>\n<meta name=\"twitter:label1\" content=\"Estimated reading time\" \/>\n\t<meta name=\"twitter:data1\" content=\"2 minutes\" \/>\n<script type=\"application\/ld+json\" class=\"yoast-schema-graph\">{\"@context\":\"https:\\\/\\\/schema.org\",\"@graph\":[{\"@type\":\"WebPage\",\"@id\":\"https:\\\/\\\/www.irishfroebelnetwork.ie\\\/index.php\\\/taisce\\\/\",\"url\":\"https:\\\/\\\/www.irishfroebelnetwork.ie\\\/index.php\\\/taisce\\\/\",\"name\":\"Taisce Froebel - Irish Froebel Network\",\"isPartOf\":{\"@id\":\"https:\\\/\\\/www.irishfroebelnetwork.ie\\\/#website\"},\"datePublished\":\"2021-04-18T12:12:05+00:00\",\"dateModified\":\"2021-08-20T09:51:04+00:00\",\"breadcrumb\":{\"@id\":\"https:\\\/\\\/www.irishfroebelnetwork.ie\\\/index.php\\\/taisce\\\/#breadcrumb\"},\"inLanguage\":\"en-GB\",\"potentialAction\":[{\"@type\":\"ReadAction\",\"target\":[\"https:\\\/\\\/www.irishfroebelnetwork.ie\\\/index.php\\\/taisce\\\/\"]}]},{\"@type\":\"BreadcrumbList\",\"@id\":\"https:\\\/\\\/www.irishfroebelnetwork.ie\\\/index.php\\\/taisce\\\/#breadcrumb\",\"itemListElement\":[{\"@type\":\"ListItem\",\"position\":1,\"name\":\"Home\",\"item\":\"https:\\\/\\\/www.irishfroebelnetwork.ie\\\/\"},{\"@type\":\"ListItem\",\"position\":2,\"name\":\"Taisce Froebel\"}]},{\"@type\":\"WebSite\",\"@id\":\"https:\\\/\\\/www.irishfroebelnetwork.ie\\\/#website\",\"url\":\"https:\\\/\\\/www.irishfroebelnetwork.ie\\\/\",\"name\":\"Irish Froebel Network\",\"description\":\"\",\"potentialAction\":[{\"@type\":\"SearchAction\",\"target\":{\"@type\":\"EntryPoint\",\"urlTemplate\":\"https:\\\/\\\/www.irishfroebelnetwork.ie\\\/?s={search_term_string}\"},\"query-input\":{\"@type\":\"PropertyValueSpecification\",\"valueRequired\":true,\"valueName\":\"search_term_string\"}}],\"inLanguage\":\"en-GB\"}]}<\/script>\n<!-- \/ Yoast SEO plugin. -->","yoast_head_json":{"title":"Taisce Froebel - Irish Froebel Network","robots":{"index":"index","follow":"follow","max-snippet":"max-snippet:-1","max-image-preview":"max-image-preview:large","max-video-preview":"max-video-preview:-1"},"canonical":"https:\/\/www.irishfroebelnetwork.ie\/index.php\/taisce\/","og_locale":"en_GB","og_type":"article","og_title":"Taisce Froebel - Irish Froebel Network","og_description":"C\u00e9ad m\u00edle f\u00e1ilte chuig&nbsp;Taisce Froebel. Based in Maynooth University, the Froebel Department of Primary and Early Childhood Education has compiled an archive [&hellip;]","og_url":"https:\/\/www.irishfroebelnetwork.ie\/index.php\/taisce\/","og_site_name":"Irish Froebel Network","article_modified_time":"2021-08-20T09:51:04+00:00","twitter_card":"summary_large_image","twitter_misc":{"Estimated reading time":"2 minutes"},"schema":{"@context":"https:\/\/schema.org","@graph":[{"@type":"WebPage","@id":"https:\/\/www.irishfroebelnetwork.ie\/index.php\/taisce\/","url":"https:\/\/www.irishfroebelnetwork.ie\/index.php\/taisce\/","name":"Taisce Froebel - Irish Froebel Network","isPartOf":{"@id":"https:\/\/www.irishfroebelnetwork.ie\/#website"},"datePublished":"2021-04-18T12:12:05+00:00","dateModified":"2021-08-20T09:51:04+00:00","breadcrumb":{"@id":"https:\/\/www.irishfroebelnetwork.ie\/index.php\/taisce\/#breadcrumb"},"inLanguage":"en-GB","potentialAction":[{"@type":"ReadAction","target":["https:\/\/www.irishfroebelnetwork.ie\/index.php\/taisce\/"]}]},{"@type":"BreadcrumbList","@id":"https:\/\/www.irishfroebelnetwork.ie\/index.php\/taisce\/#breadcrumb","itemListElement":[{"@type":"ListItem","position":1,"name":"Home","item":"https:\/\/www.irishfroebelnetwork.ie\/"},{"@type":"ListItem","position":2,"name":"Taisce Froebel"}]},{"@type":"WebSite","@id":"https:\/\/www.irishfroebelnetwork.ie\/#website","url":"https:\/\/www.irishfroebelnetwork.ie\/","name":"Irish Froebel Network","description":"","potentialAction":[{"@type":"SearchAction","target":{"@type":"EntryPoint","urlTemplate":"https:\/\/www.irishfroebelnetwork.ie\/?s={search_term_string}"},"query-input":{"@type":"PropertyValueSpecification","valueRequired":true,"valueName":"search_term_string"}}],"inLanguage":"en-GB"}]}},"_links":{"self":[{"href":"https:\/\/www.irishfroebelnetwork.ie\/index.php\/wp-json\/wp\/v2\/pages\/23","targetHints":{"allow":["GET"]}}],"collection":[{"href":"https:\/\/www.irishfroebelnetwork.ie\/index.php\/wp-json\/wp\/v2\/pages"}],"about":[{"href":"https:\/\/www.irishfroebelnetwork.ie\/index.php\/wp-json\/wp\/v2\/types\/page"}],"author":[{"embeddable":true,"href":"https:\/\/www.irishfroebelnetwork.ie\/index.php\/wp-json\/wp\/v2\/users\/1"}],"replies":[{"embeddable":true,"href":"https:\/\/www.irishfroebelnetwork.ie\/index.php\/wp-json\/wp\/v2\/comments?post=23"}],"version-history":[{"count":6,"href":"https:\/\/www.irishfroebelnetwork.ie\/index.php\/wp-json\/wp\/v2\/pages\/23\/revisions"}],"predecessor-version":[{"id":241,"href":"https:\/\/www.irishfroebelnetwork.ie\/index.php\/wp-json\/wp\/v2\/pages\/23\/revisions\/241"}],"wp:attachment":[{"href":"https:\/\/www.irishfroebelnetwork.ie\/index.php\/wp-json\/wp\/v2\/media?parent=23"}],"curies":[{"name":"wp","href":"https:\/\/api.w.org\/{rel}","templated":true}]}}