{"id":222,"date":"2021-06-24T12:33:16","date_gmt":"2021-06-24T12:33:16","guid":{"rendered":"https:\/\/ifn.maynoothuniversity.ie\/?page_id=222"},"modified":"2021-06-25T12:27:56","modified_gmt":"2021-06-25T12:27:56","slug":"podcasts","status":"publish","type":"page","link":"https:\/\/www.irishfroebelnetwork.ie\/index.php\/podcasts\/","title":{"rendered":"Podcasts"},"content":{"rendered":"\n<p>Bianca N\u00ed Ghr\u00f3g\u00e1in was a Froebel graduate who passed away at a young age in 2015. In her short career as a primary teacher she made an indelible mark on her students and left behind a rich legacy of educational thought and practice. She is very sadly missed by all her friends in Froebel and beyond.<\/p>\n\n\n\n<p>Ba dhuine umhal \u00ed n\u00e1r iarr c\u00e1il n\u00e1 gradam n\u00e1 seasamh riamh agus n\u00ed \u00e1ibh\u00e9il \u00e9 a r\u00e1 go raibh s\u00ed ar dhuine de laochra m\u00f3ra an oideachais n\u00ed hamh\u00e1in sa t\u00edr seo ach ar fud na cruinne.. Is m\u00f3r an chailli\u00fant \u00ed don oideachas sa t\u00edr seo.<\/p>\n\n\n\n<p>On this programme,\u00a0<a href=\"http:\/\/rangbianca.com\/\">Bianca N\u00ed Ghr\u00f3g\u00e1in<\/a> speaks about her approach to teaching, how she became interested in tweeting and how she uses technology in the classroom. The interview was recorded at\u00a0<a href=\"http:\/\/www.cesi.ie\/conferences\/2015-beyond-the-horizon-technology-in-education\/\">CESI 2015<\/a>.<a href=\"\"><\/a><\/p>\n\n\n\n<p><a href=\"https:\/\/insideeducation.podbean.com\/e\/programme-208-bianca-ni-ghrogain-at-cesi-11-3-15\/\">https:\/\/insideeducation.podbean.com\/e\/programme-208-bianca-ni-ghrogain-at-cesi-11-3-15\/<\/a><\/p>\n\n\n\n<p>More content coming soon!<\/p>\n","protected":false},"excerpt":{"rendered":"<p>Bianca N\u00ed Ghr\u00f3g\u00e1in was a Froebel graduate who passed away at a young age in 2015. In her short career as a [&hellip;]<\/p>\n","protected":false},"author":1,"featured_media":0,"parent":0,"menu_order":0,"comment_status":"closed","ping_status":"closed","template":"","meta":{"footnotes":""},"class_list":["post-222","page","type-page","status-publish","hentry"],"yoast_head":"<!-- This site is optimized with the Yoast SEO plugin v27.4 - https:\/\/yoast.com\/product\/yoast-seo-wordpress\/ -->\n<title>Podcasts - Irish Froebel Network<\/title>\n<meta name=\"robots\" content=\"index, follow, max-snippet:-1, max-image-preview:large, max-video-preview:-1\" \/>\n<link rel=\"canonical\" href=\"https:\/\/www.irishfroebelnetwork.ie\/index.php\/podcasts\/\" \/>\n<meta property=\"og:locale\" content=\"en_GB\" \/>\n<meta property=\"og:type\" content=\"article\" \/>\n<meta property=\"og:title\" content=\"Podcasts - Irish Froebel Network\" \/>\n<meta property=\"og:description\" content=\"Bianca N\u00ed Ghr\u00f3g\u00e1in was a Froebel graduate who passed away at a young age in 2015. In her short career as a [&hellip;]\" \/>\n<meta property=\"og:url\" content=\"https:\/\/www.irishfroebelnetwork.ie\/index.php\/podcasts\/\" \/>\n<meta property=\"og:site_name\" content=\"Irish Froebel Network\" \/>\n<meta property=\"article:modified_time\" content=\"2021-06-25T12:27:56+00:00\" \/>\n<meta name=\"twitter:card\" content=\"summary_large_image\" \/>\n<meta name=\"twitter:label1\" content=\"Estimated reading time\" \/>\n\t<meta name=\"twitter:data1\" content=\"1 minute\" \/>\n<script type=\"application\/ld+json\" class=\"yoast-schema-graph\">{\"@context\":\"https:\\\/\\\/schema.org\",\"@graph\":[{\"@type\":\"WebPage\",\"@id\":\"https:\\\/\\\/www.irishfroebelnetwork.ie\\\/index.php\\\/podcasts\\\/\",\"url\":\"https:\\\/\\\/www.irishfroebelnetwork.ie\\\/index.php\\\/podcasts\\\/\",\"name\":\"Podcasts - Irish Froebel Network\",\"isPartOf\":{\"@id\":\"https:\\\/\\\/www.irishfroebelnetwork.ie\\\/#website\"},\"datePublished\":\"2021-06-24T12:33:16+00:00\",\"dateModified\":\"2021-06-25T12:27:56+00:00\",\"breadcrumb\":{\"@id\":\"https:\\\/\\\/www.irishfroebelnetwork.ie\\\/index.php\\\/podcasts\\\/#breadcrumb\"},\"inLanguage\":\"en-GB\",\"potentialAction\":[{\"@type\":\"ReadAction\",\"target\":[\"https:\\\/\\\/www.irishfroebelnetwork.ie\\\/index.php\\\/podcasts\\\/\"]}]},{\"@type\":\"BreadcrumbList\",\"@id\":\"https:\\\/\\\/www.irishfroebelnetwork.ie\\\/index.php\\\/podcasts\\\/#breadcrumb\",\"itemListElement\":[{\"@type\":\"ListItem\",\"position\":1,\"name\":\"Home\",\"item\":\"https:\\\/\\\/www.irishfroebelnetwork.ie\\\/\"},{\"@type\":\"ListItem\",\"position\":2,\"name\":\"Podcasts\"}]},{\"@type\":\"WebSite\",\"@id\":\"https:\\\/\\\/www.irishfroebelnetwork.ie\\\/#website\",\"url\":\"https:\\\/\\\/www.irishfroebelnetwork.ie\\\/\",\"name\":\"Irish Froebel Network\",\"description\":\"\",\"potentialAction\":[{\"@type\":\"SearchAction\",\"target\":{\"@type\":\"EntryPoint\",\"urlTemplate\":\"https:\\\/\\\/www.irishfroebelnetwork.ie\\\/?s={search_term_string}\"},\"query-input\":{\"@type\":\"PropertyValueSpecification\",\"valueRequired\":true,\"valueName\":\"search_term_string\"}}],\"inLanguage\":\"en-GB\"}]}<\/script>\n<!-- \/ Yoast SEO plugin. -->","yoast_head_json":{"title":"Podcasts - Irish Froebel Network","robots":{"index":"index","follow":"follow","max-snippet":"max-snippet:-1","max-image-preview":"max-image-preview:large","max-video-preview":"max-video-preview:-1"},"canonical":"https:\/\/www.irishfroebelnetwork.ie\/index.php\/podcasts\/","og_locale":"en_GB","og_type":"article","og_title":"Podcasts - Irish Froebel Network","og_description":"Bianca N\u00ed Ghr\u00f3g\u00e1in was a Froebel graduate who passed away at a young age in 2015. In her short career as a [&hellip;]","og_url":"https:\/\/www.irishfroebelnetwork.ie\/index.php\/podcasts\/","og_site_name":"Irish Froebel Network","article_modified_time":"2021-06-25T12:27:56+00:00","twitter_card":"summary_large_image","twitter_misc":{"Estimated reading time":"1 minute"},"schema":{"@context":"https:\/\/schema.org","@graph":[{"@type":"WebPage","@id":"https:\/\/www.irishfroebelnetwork.ie\/index.php\/podcasts\/","url":"https:\/\/www.irishfroebelnetwork.ie\/index.php\/podcasts\/","name":"Podcasts - Irish Froebel Network","isPartOf":{"@id":"https:\/\/www.irishfroebelnetwork.ie\/#website"},"datePublished":"2021-06-24T12:33:16+00:00","dateModified":"2021-06-25T12:27:56+00:00","breadcrumb":{"@id":"https:\/\/www.irishfroebelnetwork.ie\/index.php\/podcasts\/#breadcrumb"},"inLanguage":"en-GB","potentialAction":[{"@type":"ReadAction","target":["https:\/\/www.irishfroebelnetwork.ie\/index.php\/podcasts\/"]}]},{"@type":"BreadcrumbList","@id":"https:\/\/www.irishfroebelnetwork.ie\/index.php\/podcasts\/#breadcrumb","itemListElement":[{"@type":"ListItem","position":1,"name":"Home","item":"https:\/\/www.irishfroebelnetwork.ie\/"},{"@type":"ListItem","position":2,"name":"Podcasts"}]},{"@type":"WebSite","@id":"https:\/\/www.irishfroebelnetwork.ie\/#website","url":"https:\/\/www.irishfroebelnetwork.ie\/","name":"Irish Froebel Network","description":"","potentialAction":[{"@type":"SearchAction","target":{"@type":"EntryPoint","urlTemplate":"https:\/\/www.irishfroebelnetwork.ie\/?s={search_term_string}"},"query-input":{"@type":"PropertyValueSpecification","valueRequired":true,"valueName":"search_term_string"}}],"inLanguage":"en-GB"}]}},"_links":{"self":[{"href":"https:\/\/www.irishfroebelnetwork.ie\/index.php\/wp-json\/wp\/v2\/pages\/222","targetHints":{"allow":["GET"]}}],"collection":[{"href":"https:\/\/www.irishfroebelnetwork.ie\/index.php\/wp-json\/wp\/v2\/pages"}],"about":[{"href":"https:\/\/www.irishfroebelnetwork.ie\/index.php\/wp-json\/wp\/v2\/types\/page"}],"author":[{"embeddable":true,"href":"https:\/\/www.irishfroebelnetwork.ie\/index.php\/wp-json\/wp\/v2\/users\/1"}],"replies":[{"embeddable":true,"href":"https:\/\/www.irishfroebelnetwork.ie\/index.php\/wp-json\/wp\/v2\/comments?post=222"}],"version-history":[{"count":5,"href":"https:\/\/www.irishfroebelnetwork.ie\/index.php\/wp-json\/wp\/v2\/pages\/222\/revisions"}],"predecessor-version":[{"id":232,"href":"https:\/\/www.irishfroebelnetwork.ie\/index.php\/wp-json\/wp\/v2\/pages\/222\/revisions\/232"}],"wp:attachment":[{"href":"https:\/\/www.irishfroebelnetwork.ie\/index.php\/wp-json\/wp\/v2\/media?parent=222"}],"curies":[{"name":"wp","href":"https:\/\/api.w.org\/{rel}","templated":true}]}}