{"id":142,"date":"2021-06-17T10:42:43","date_gmt":"2021-06-17T10:42:43","guid":{"rendered":"https:\/\/ifn.maynoothuniversity.ie\/?page_id=142"},"modified":"2021-06-17T10:42:44","modified_gmt":"2021-06-17T10:42:44","slug":"founding-committee","status":"publish","type":"page","link":"https:\/\/www.irishfroebelnetwork.ie\/index.php\/founding-committee\/","title":{"rendered":"Founding Committee"},"content":{"rendered":"\n<p><strong>The Irish Froebel Network Founding Committee<\/strong><em><br>S\u00e9amie \u00d3 N\u00e9ill\u00a0<\/em><\/p>\n\n\n\n<p><em>Laoise N\u00ed Chl\u00e9irigh\u00a0<\/em><\/p>\n\n\n\n<p><em>Dr M\u00e1ire Nic an Bhaird<\/em><\/p>\n\n\n\n<p><em>Laura Thornton<\/em><\/p>\n\n\n\n<p><em>Tony Sweeney\u00a0<\/em><\/p>\n\n\n\n<p><em>Ailbhe Forde\u00a0<\/em><\/p>\n\n\n\n<p><em>Aoife Titley\u00a0<\/em><\/p>\n\n\n\n<p><em>Colm Kean<\/em>e<\/p>\n","protected":false},"excerpt":{"rendered":"<p>The Irish Froebel Network Founding CommitteeS\u00e9amie \u00d3 N\u00e9ill\u00a0 Laoise N\u00ed Chl\u00e9irigh\u00a0 Dr M\u00e1ire Nic an Bhaird Laura Thornton Tony Sweeney\u00a0 Ailbhe Forde\u00a0 [&hellip;]<\/p>\n","protected":false},"author":1,"featured_media":0,"parent":0,"menu_order":0,"comment_status":"closed","ping_status":"closed","template":"","meta":{"footnotes":""},"class_list":["post-142","page","type-page","status-publish","hentry"],"yoast_head":"<!-- This site is optimized with the Yoast SEO plugin v27.5 - https:\/\/yoast.com\/product\/yoast-seo-wordpress\/ -->\n<title>Founding Committee - Irish Froebel Network<\/title>\n<meta name=\"robots\" content=\"index, follow, max-snippet:-1, max-image-preview:large, max-video-preview:-1\" \/>\n<link rel=\"canonical\" href=\"https:\/\/www.irishfroebelnetwork.ie\/index.php\/founding-committee\/\" \/>\n<meta property=\"og:locale\" content=\"en_GB\" \/>\n<meta property=\"og:type\" content=\"article\" \/>\n<meta property=\"og:title\" content=\"Founding Committee - Irish Froebel Network\" \/>\n<meta property=\"og:description\" content=\"The Irish Froebel Network Founding CommitteeS\u00e9amie \u00d3 N\u00e9ill\u00a0 Laoise N\u00ed Chl\u00e9irigh\u00a0 Dr M\u00e1ire Nic an Bhaird Laura Thornton Tony Sweeney\u00a0 Ailbhe Forde\u00a0 [&hellip;]\" \/>\n<meta property=\"og:url\" content=\"https:\/\/www.irishfroebelnetwork.ie\/index.php\/founding-committee\/\" \/>\n<meta property=\"og:site_name\" content=\"Irish Froebel Network\" \/>\n<meta property=\"article:modified_time\" content=\"2021-06-17T10:42:44+00:00\" \/>\n<meta name=\"twitter:card\" content=\"summary_large_image\" \/>\n<meta name=\"twitter:label1\" content=\"Estimated reading time\" \/>\n\t<meta name=\"twitter:data1\" content=\"1 minute\" \/>\n<script type=\"application\/ld+json\" class=\"yoast-schema-graph\">{\"@context\":\"https:\\\/\\\/schema.org\",\"@graph\":[{\"@type\":\"WebPage\",\"@id\":\"https:\\\/\\\/www.irishfroebelnetwork.ie\\\/index.php\\\/founding-committee\\\/\",\"url\":\"https:\\\/\\\/www.irishfroebelnetwork.ie\\\/index.php\\\/founding-committee\\\/\",\"name\":\"Founding Committee - Irish Froebel Network\",\"isPartOf\":{\"@id\":\"https:\\\/\\\/www.irishfroebelnetwork.ie\\\/#website\"},\"datePublished\":\"2021-06-17T10:42:43+00:00\",\"dateModified\":\"2021-06-17T10:42:44+00:00\",\"breadcrumb\":{\"@id\":\"https:\\\/\\\/www.irishfroebelnetwork.ie\\\/index.php\\\/founding-committee\\\/#breadcrumb\"},\"inLanguage\":\"en-GB\",\"potentialAction\":[{\"@type\":\"ReadAction\",\"target\":[\"https:\\\/\\\/www.irishfroebelnetwork.ie\\\/index.php\\\/founding-committee\\\/\"]}]},{\"@type\":\"BreadcrumbList\",\"@id\":\"https:\\\/\\\/www.irishfroebelnetwork.ie\\\/index.php\\\/founding-committee\\\/#breadcrumb\",\"itemListElement\":[{\"@type\":\"ListItem\",\"position\":1,\"name\":\"Home\",\"item\":\"https:\\\/\\\/www.irishfroebelnetwork.ie\\\/\"},{\"@type\":\"ListItem\",\"position\":2,\"name\":\"Founding Committee\"}]},{\"@type\":\"WebSite\",\"@id\":\"https:\\\/\\\/www.irishfroebelnetwork.ie\\\/#website\",\"url\":\"https:\\\/\\\/www.irishfroebelnetwork.ie\\\/\",\"name\":\"Irish Froebel Network\",\"description\":\"\",\"potentialAction\":[{\"@type\":\"SearchAction\",\"target\":{\"@type\":\"EntryPoint\",\"urlTemplate\":\"https:\\\/\\\/www.irishfroebelnetwork.ie\\\/?s={search_term_string}\"},\"query-input\":{\"@type\":\"PropertyValueSpecification\",\"valueRequired\":true,\"valueName\":\"search_term_string\"}}],\"inLanguage\":\"en-GB\"}]}<\/script>\n<!-- \/ Yoast SEO plugin. -->","yoast_head_json":{"title":"Founding Committee - Irish Froebel Network","robots":{"index":"index","follow":"follow","max-snippet":"max-snippet:-1","max-image-preview":"max-image-preview:large","max-video-preview":"max-video-preview:-1"},"canonical":"https:\/\/www.irishfroebelnetwork.ie\/index.php\/founding-committee\/","og_locale":"en_GB","og_type":"article","og_title":"Founding Committee - Irish Froebel Network","og_description":"The Irish Froebel Network Founding CommitteeS\u00e9amie \u00d3 N\u00e9ill\u00a0 Laoise N\u00ed Chl\u00e9irigh\u00a0 Dr M\u00e1ire Nic an Bhaird Laura Thornton Tony Sweeney\u00a0 Ailbhe Forde\u00a0 [&hellip;]","og_url":"https:\/\/www.irishfroebelnetwork.ie\/index.php\/founding-committee\/","og_site_name":"Irish Froebel Network","article_modified_time":"2021-06-17T10:42:44+00:00","twitter_card":"summary_large_image","twitter_misc":{"Estimated reading time":"1 minute"},"schema":{"@context":"https:\/\/schema.org","@graph":[{"@type":"WebPage","@id":"https:\/\/www.irishfroebelnetwork.ie\/index.php\/founding-committee\/","url":"https:\/\/www.irishfroebelnetwork.ie\/index.php\/founding-committee\/","name":"Founding Committee - Irish Froebel Network","isPartOf":{"@id":"https:\/\/www.irishfroebelnetwork.ie\/#website"},"datePublished":"2021-06-17T10:42:43+00:00","dateModified":"2021-06-17T10:42:44+00:00","breadcrumb":{"@id":"https:\/\/www.irishfroebelnetwork.ie\/index.php\/founding-committee\/#breadcrumb"},"inLanguage":"en-GB","potentialAction":[{"@type":"ReadAction","target":["https:\/\/www.irishfroebelnetwork.ie\/index.php\/founding-committee\/"]}]},{"@type":"BreadcrumbList","@id":"https:\/\/www.irishfroebelnetwork.ie\/index.php\/founding-committee\/#breadcrumb","itemListElement":[{"@type":"ListItem","position":1,"name":"Home","item":"https:\/\/www.irishfroebelnetwork.ie\/"},{"@type":"ListItem","position":2,"name":"Founding Committee"}]},{"@type":"WebSite","@id":"https:\/\/www.irishfroebelnetwork.ie\/#website","url":"https:\/\/www.irishfroebelnetwork.ie\/","name":"Irish Froebel Network","description":"","potentialAction":[{"@type":"SearchAction","target":{"@type":"EntryPoint","urlTemplate":"https:\/\/www.irishfroebelnetwork.ie\/?s={search_term_string}"},"query-input":{"@type":"PropertyValueSpecification","valueRequired":true,"valueName":"search_term_string"}}],"inLanguage":"en-GB"}]}},"_links":{"self":[{"href":"https:\/\/www.irishfroebelnetwork.ie\/index.php\/wp-json\/wp\/v2\/pages\/142","targetHints":{"allow":["GET"]}}],"collection":[{"href":"https:\/\/www.irishfroebelnetwork.ie\/index.php\/wp-json\/wp\/v2\/pages"}],"about":[{"href":"https:\/\/www.irishfroebelnetwork.ie\/index.php\/wp-json\/wp\/v2\/types\/page"}],"author":[{"embeddable":true,"href":"https:\/\/www.irishfroebelnetwork.ie\/index.php\/wp-json\/wp\/v2\/users\/1"}],"replies":[{"embeddable":true,"href":"https:\/\/www.irishfroebelnetwork.ie\/index.php\/wp-json\/wp\/v2\/comments?post=142"}],"version-history":[{"count":1,"href":"https:\/\/www.irishfroebelnetwork.ie\/index.php\/wp-json\/wp\/v2\/pages\/142\/revisions"}],"predecessor-version":[{"id":143,"href":"https:\/\/www.irishfroebelnetwork.ie\/index.php\/wp-json\/wp\/v2\/pages\/142\/revisions\/143"}],"wp:attachment":[{"href":"https:\/\/www.irishfroebelnetwork.ie\/index.php\/wp-json\/wp\/v2\/media?parent=142"}],"curies":[{"name":"wp","href":"https:\/\/api.w.org\/{rel}","templated":true}]}}